{"id":436,"date":"2022-07-28T09:23:50","date_gmt":"2022-07-28T07:23:50","guid":{"rendered":"https:\/\/www.hautecloque.fr\/?page_id=436"},"modified":"2023-01-11T14:46:27","modified_gmt":"2023-01-11T13:46:27","slug":"demarches-administratives","status":"publish","type":"page","link":"https:\/\/www.hautecloque.fr\/index.php\/demarches-administratives\/","title":{"rendered":"D\u00e9marches Administratives"},"content":{"rendered":"<div data-colibri-id=\"436-c1\" class=\"style-372 style-local-436-c1 position-relative\">\n  <!---->\n  <div data-colibri-component=\"section\" data-colibri-id=\"436-c2\" id=\"custom\" class=\"h-section h-section-global-spacing d-flex align-items-lg-center align-items-md-center align-items-center style-374 style-local-436-c2 position-relative\">\n    <!---->\n    <!---->\n    <div class=\"h-section-grid-container h-section-boxed-container\">\n      <!---->\n      <div data-colibri-id=\"436-c3\" class=\"h-row-container gutters-row-lg-2 gutters-row-md-2 gutters-row-0 gutters-row-v-lg-2 gutters-row-v-md-2 gutters-row-v-2 style-431 style-local-436-c3 position-relative\">\n        <!---->\n        <div class=\"h-row justify-content-lg-center justify-content-md-center justify-content-center align-items-lg-stretch align-items-md-stretch align-items-stretch gutters-col-lg-2 gutters-col-md-2 gutters-col-0 gutters-col-v-lg-2 gutters-col-v-md-2 gutters-col-v-2\">\n          <!---->\n          <div class=\"h-column h-column-container d-flex h-col-lg-auto h-col-md-auto h-col-auto style-432-outer style-local-436-c4-outer\">\n            <div data-colibri-id=\"436-c4\" class=\"d-flex h-flex-basis h-column__inner h-px-lg-2 h-px-md-2 h-px-2 v-inner-lg-2 v-inner-md-2 v-inner-2 style-432 style-local-436-c4 position-relative\">\n              <!---->\n              <!---->\n              <div class=\"w-100 h-y-container h-column__content h-column__v-align flex-basis-100 align-self-lg-start align-self-md-start align-self-start\">\n                <!---->\n                <div data-colibri-id=\"436-c5\" class=\"h-global-transition-all h-heading style-433 style-local-436-c5 position-relative h-element\">\n                  <!---->\n                  <div class=\"h-heading__outer style-433 style-local-436-c5\">\n                    <!---->\n                    <!---->\n                    <h1 class=\"\"><span style=\"font-weight: 700; color: rgb(203, 13, 13);\">D\u00e9marches administratives<\/span><\/h1>\n                  <\/div>\n                <\/div>\n              <\/div>\n            <\/div>\n          <\/div>\n        <\/div>\n      <\/div>\n    <\/div>\n  <\/div>\n  <div data-colibri-component=\"section\" data-colibri-id=\"436-c6\" id=\"overlappable\" class=\"h-section h-section-global-spacing d-flex align-items-lg-center align-items-md-center align-items-center style-434 style-local-436-c6 position-relative\">\n    <!---->\n    <!---->\n    <div class=\"h-section-grid-container h-section-boxed-container\">\n      <!---->\n      <div data-colibri-id=\"436-c7\" class=\"h-row-container gutters-row-lg-2 gutters-row-md-2 gutters-row-2 gutters-row-v-lg-2 gutters-row-v-md-2 gutters-row-v-2 style-435 style-local-436-c7 position-relative\">\n        <!---->\n        <div class=\"h-row justify-content-lg-center justify-content-md-center justify-content-center align-items-lg-stretch align-items-md-stretch align-items-stretch gutters-col-lg-2 gutters-col-md-2 gutters-col-2 gutters-col-v-lg-2 gutters-col-v-md-2 gutters-col-v-2\">\n          <!---->\n          <div class=\"h-column h-column-container d-flex h-col-lg-3 h-col-md-3 h-col-12 style-436-outer style-local-436-c8-outer\">\n            <div data-colibri-id=\"436-c8\" class=\"d-flex h-flex-basis h-column__inner h-px-lg-3 h-px-md-3 h-px-3 v-inner-lg-3 v-inner-md-3 v-inner-3 style-436 style-local-436-c8 position-relative\">\n              <!---->\n              <!---->\n              <div class=\"w-100 h-y-container h-column__content h-column__v-align flex-basis-100 align-self-lg-start align-self-md-start align-self-start\">\n                <!---->\n                <div data-colibri-id=\"436-c9\" class=\"h-icon style-437 style-local-436-c9 position-relative h-element\">\n                  <!----><span class=\"h-svg-icon h-icon__icon style-437-icon style-local-436-c9-icon\"><!--Icon by Font Awesome (https:\/\/fontawesome.com)-->\n    <svg version=\"1.1\" xmlns=\"http:\/\/www.w3.org\/2000\/svg\" xmlns:xlink=\"http:\/\/www.w3.org\/1999\/xlink\" id=\"user\" viewBox=\"0 0 1354.8114 1896.0833\">\n      <path d=\"M1280 1399q0 109-62.5 187t-150.5 78H213q-88 0-150.5-78T0 1399q0-85 8.5-160.5t31.5-152 58.5-131 94-89T327 832q131 128 313 128t313-128q76 0 134.5 34.5t94 89 58.5 131 31.5 152 8.5 160.5zm-256-887q0 159-112.5 271.5T640 896 368.5 783.5 256 512t112.5-271.5T640 128t271.5 112.5T1024 512z\"><\/path>\n    <\/svg><\/span><\/div>\n                <div data-colibri-id=\"436-c10\" class=\"h-global-transition-all h-heading style-438 style-local-436-c10 position-relative h-element\">\n                  <!---->\n                  <div class=\"h-heading__outer style-438 style-local-436-c10\">\n                    <!---->\n                    <!---->\n                    <h4 class=\"\">Demande d&rsquo;acte d&rsquo;Etat-civil<\/h4>\n                  <\/div>\n                <\/div>\n                <div data-colibri-id=\"436-c11\" class=\"h-text h-text-component style-439 style-local-436-c11 position-relative h-element\">\n                  <!---->\n                  <!---->\n                  <div class=\"\">\n                    <p>Pour toute demande d&rsquo;acte, merci de suivre\n                      <a href=\"https:\/\/www.service-public.fr\/particuliers\/vosdroits\/N359\" target=\"_blank\" rel=\"nofollow noopener\" class=\"customize-unpreviewable\" draggable=\"false\">ce lien<\/a>.<\/p>\n                  <\/div>\n                <\/div>\n              <\/div>\n            <\/div>\n          <\/div>\n          <div class=\"h-column h-column-container d-flex h-col-lg-3 h-col-md-3 h-col-12 style-440-outer style-local-436-c12-outer\">\n            <div data-colibri-id=\"436-c12\" class=\"d-flex h-flex-basis h-column__inner h-px-lg-3 h-px-md-3 h-px-3 v-inner-lg-3 v-inner-md-3 v-inner-3 style-440 style-local-436-c12 position-relative\">\n              <!---->\n              <!---->\n              <div class=\"w-100 h-y-container h-column__content h-column__v-align flex-basis-100 align-self-lg-start align-self-md-start align-self-start\">\n                <!---->\n                <div data-colibri-id=\"436-c13\" class=\"h-icon style-441 style-local-436-c13 position-relative h-element\">\n                  <!----><span class=\"h-svg-icon h-icon__icon style-441-icon style-local-436-c13-icon\"><!--Icon by Font Awesome (https:\/\/fontawesome.com)-->\n    <svg version=\"1.1\" xmlns=\"http:\/\/www.w3.org\/2000\/svg\" xmlns:xlink=\"http:\/\/www.w3.org\/1999\/xlink\" id=\"group\" viewBox=\"0 0 1920 1896.0833\">\n      <path d=\"M593 896q-162 5-265 128H194q-82 0-138-40.5T0 865q0-353 124-353 6 0 43.5 21t97.5 42.5T384 597q67 0 133-23-5 37-5 66 0 139 81 256zm1071 637q0 120-73 189.5t-194 69.5H523q-121 0-194-69.5T256 1533q0-53 3.5-103.5t14-109T300 1212t43-97.5 62-81 85.5-53.5T602 960q10 0 43 21.5t73 48 107 48 135 21.5 135-21.5 107-48 73-48 43-21.5q61 0 111.5 20t85.5 53.5 62 81 43 97.5 26.5 108.5 14 109 3.5 103.5zM640 256q0 106-75 181t-181 75-181-75-75-181 75-181T384 0t181 75 75 181zm704 384q0 159-112.5 271.5T960 1024 688.5 911.5 576 640t112.5-271.5T960 256t271.5 112.5T1344 640zm576 225q0 78-56 118.5t-138 40.5h-134q-103-123-265-128 81-117 81-256 0-29-5-66 66 23 133 23 59 0 119-21.5t97.5-42.5 43.5-21q124 0 124 353zm-128-609q0 106-75 181t-181 75-181-75-75-181 75-181 181-75 181 75 75 181z\"><\/path>\n    <\/svg><\/span><\/div>\n                <div data-colibri-id=\"436-c14\" class=\"h-global-transition-all h-heading style-438 style-local-436-c14 position-relative h-element\">\n                  <!---->\n                  <div class=\"h-heading__outer style-438 style-local-436-c14\">\n                    <!---->\n                    <!---->\n                    <h4 class=\"\">Demandes d&rsquo;aides sociales<\/h4>\n                  <\/div>\n                <\/div>\n                <div data-colibri-id=\"436-c15\" class=\"h-text h-text-component style-439 style-local-436-c15 position-relative h-element\">\n                  <!---->\n                  <!---->\n                  <div class=\"\">\n                    <p>Pour toute demande d&rsquo;aides sociales, merci de suivre\n                      <a href=\"https:\/\/www.ternoiscom.fr\/index.php\/cias\" rel=\"nofollow noopener\" target=\"_blank\" class=\"customize-unpreviewable\" draggable=\"false\">ce lien<\/a>.<\/p>\n                  <\/div>\n                <\/div>\n              <\/div>\n            <\/div>\n          <\/div>\n          <div class=\"h-column h-column-container d-flex h-col-lg-3 h-col-md-3 h-col-12 style-442-outer style-local-436-c16-outer\">\n            <div data-colibri-id=\"436-c16\" class=\"d-flex h-flex-basis h-column__inner h-px-lg-3 h-px-md-3 h-px-3 v-inner-lg-3 v-inner-md-3 v-inner-3 style-442 style-local-436-c16 position-relative\">\n              <!---->\n              <!---->\n              <div class=\"w-100 h-y-container h-column__content h-column__v-align flex-basis-100 align-self-lg-start align-self-md-start align-self-start\">\n                <!---->\n                <div data-colibri-id=\"436-c17\" class=\"h-icon style-443 style-local-436-c17 position-relative h-element\">\n                  <!----><span class=\"h-svg-icon h-icon__icon style-443-icon style-local-436-c17-icon\"><!--Icon by Font Awesome (https:\/\/fontawesome.com)-->\n    <svg version=\"1.1\" xmlns=\"http:\/\/www.w3.org\/2000\/svg\" xmlns:xlink=\"http:\/\/www.w3.org\/1999\/xlink\" id=\"credit-card\" viewBox=\"0 0 1920 1896.0833\">\n      <path d=\"M1760 128q66 0 113 47t47 113v1216q0 66-47 113t-113 47H160q-66 0-113-47T0 1504V288q0-66 47-113t113-47h1600zM160 256q-13 0-22.5 9.5T128 288v224h1664V288q0-13-9.5-22.5T1760 256H160zm1600 1280q13 0 22.5-9.5t9.5-22.5V896H128v608q0 13 9.5 22.5t22.5 9.5h1600zM256 1408v-128h256v128H256zm384 0v-128h384v128H640z\"><\/path>\n    <\/svg><\/span><\/div>\n                <div data-colibri-id=\"436-c18\" class=\"h-global-transition-all h-heading style-438 style-local-436-c18 position-relative h-element\">\n                  <!---->\n                  <div class=\"h-heading__outer style-438 style-local-436-c18\">\n                    <!---->\n                    <!---->\n                    <h4 class=\"\">Demande de Carte d&rsquo;identit\u00e9<\/h4>\n                  <\/div>\n                <\/div>\n                <div data-colibri-id=\"436-c19\" class=\"h-text h-text-component style-439 style-local-436-c19 position-relative h-element\">\n                  <!---->\n                  <!---->\n                  <div class=\"\">\n                    <p>Pour toute demande de carte ou passeport, merci de suivre\n                      <a href=\"https:\/\/www.service-public.fr\/particuliers\/vosdroits\/N358\" rel=\"nofollow noopener\" target=\"_blank\" class=\"customize-unpreviewable\" draggable=\"false\">ce lien<\/a>.<\/p>\n                  <\/div>\n                <\/div>\n              <\/div>\n            <\/div>\n          <\/div>\n          <div class=\"h-column h-column-container d-flex h-col-lg-3 h-col-md-3 h-col-12 style-436-outer style-local-436-c20-outer\">\n            <div data-colibri-id=\"436-c20\" class=\"d-flex h-flex-basis h-column__inner h-px-lg-3 h-px-md-3 h-px-3 v-inner-lg-3 v-inner-md-3 v-inner-3 style-436 style-local-436-c20 position-relative\">\n              <!---->\n              <!---->\n              <div class=\"w-100 h-y-container h-column__content h-column__v-align flex-basis-100 align-self-lg-start align-self-md-start align-self-start\">\n                <!---->\n                <div data-colibri-id=\"436-c21\" class=\"h-icon style-437 style-local-436-c21 position-relative h-element\">\n                  <!----><span class=\"h-svg-icon h-icon__icon style-437-icon style-local-436-c21-icon\"><!--Icon by Font Awesome (https:\/\/fontawesome.com)-->\n    <svg version=\"1.1\" xmlns=\"http:\/\/www.w3.org\/2000\/svg\" xmlns:xlink=\"http:\/\/www.w3.org\/1999\/xlink\" id=\"home\" viewBox=\"0 0 1664 1896.0833\">\n      <path d=\"M1408 992v480q0 26-19 45t-45 19H960v-384H704v384H320q-26 0-45-19t-19-45V992q0-1 .5-3t.5-3l575-474 575 474q1 2 1 6zm223-69l-62 74q-8 9-21 11h-3q-13 0-21-7L832 424l-692 577q-12 8-24 7-13-2-21-11l-62-74q-8-10-7-23.5T37 878l719-599q32-26 76-26t76 26l244 204V288q0-14 9-23t23-9h192q14 0 23 9t9 23v408l219 182q10 8 11 21.5t-7 23.5z\"><\/path>\n    <\/svg><\/span><\/div>\n                <div data-colibri-id=\"436-c22\" class=\"h-global-transition-all h-heading style-438 style-local-436-c22 position-relative h-element\">\n                  <!---->\n                  <div class=\"h-heading__outer style-438 style-local-436-c22\">\n                    <!---->\n                    <!---->\n                    <h4 class=\"\">Attestation d&rsquo;accueil, d\u00e9p\u00f4t des permis de construire<\/h4>\n                  <\/div>\n                <\/div>\n                <div data-colibri-id=\"436-c23\" class=\"h-text h-text-component style-439 style-local-436-c23 position-relative h-element\">\n                  <!---->\n                  <!---->\n                  <div class=\"\">\n                    <p>Pour ses actes, vous pouvez directement vous adressez \u00e0 la Mairie ou suivre&nbsp;\n                      <a href=\"https:\/\/www.ternoiscom.fr\/index.php\/urbanisme\" target=\"_blank\" rel=\"nofollow noopener\" class=\"customize-unpreviewable\" draggable=\"false\">ce lien<\/a>.<\/p>\n                  <\/div>\n                <\/div>\n              <\/div>\n            <\/div>\n          <\/div>\n        <\/div>\n      <\/div>\n    <\/div>\n  <\/div>\n<\/div>","protected":false},"excerpt":{"rendered":"<p>D\u00e9marches administratives Demande d&rsquo;acte d&rsquo;Etat-civil Pour toute demande d&rsquo;acte, merci de suivre ce lien. Demandes d&rsquo;aides sociales Pour toute demande d&rsquo;aides sociales, merci de suivre ce lien. Demande de Carte d&rsquo;identit\u00e9 Pour toute demande de carte ou passeport, merci de suivre ce lien. Attestation d&rsquo;accueil, d\u00e9p\u00f4t des permis de construire Pour ses actes, vous pouvez [&hellip;]<\/p>\n","protected":false},"author":1,"featured_media":0,"parent":0,"menu_order":0,"comment_status":"closed","ping_status":"closed","template":"page-templates\/full-width-page.php","meta":{"footnotes":""},"class_list":["post-436","page","type-page","status-publish","hentry"],"_links":{"self":[{"href":"https:\/\/www.hautecloque.fr\/index.php\/wp-json\/wp\/v2\/pages\/436","targetHints":{"allow":["GET"]}}],"collection":[{"href":"https:\/\/www.hautecloque.fr\/index.php\/wp-json\/wp\/v2\/pages"}],"about":[{"href":"https:\/\/www.hautecloque.fr\/index.php\/wp-json\/wp\/v2\/types\/page"}],"author":[{"embeddable":true,"href":"https:\/\/www.hautecloque.fr\/index.php\/wp-json\/wp\/v2\/users\/1"}],"replies":[{"embeddable":true,"href":"https:\/\/www.hautecloque.fr\/index.php\/wp-json\/wp\/v2\/comments?post=436"}],"version-history":[{"count":6,"href":"https:\/\/www.hautecloque.fr\/index.php\/wp-json\/wp\/v2\/pages\/436\/revisions"}],"predecessor-version":[{"id":792,"href":"https:\/\/www.hautecloque.fr\/index.php\/wp-json\/wp\/v2\/pages\/436\/revisions\/792"}],"wp:attachment":[{"href":"https:\/\/www.hautecloque.fr\/index.php\/wp-json\/wp\/v2\/media?parent=436"}],"curies":[{"name":"wp","href":"https:\/\/api.w.org\/{rel}","templated":true}]}}