{"id":438,"date":"2022-07-28T09:23:51","date_gmt":"2022-07-28T07:23:51","guid":{"rendered":"https:\/\/www.hautecloque.fr\/?page_id=438"},"modified":"2022-10-05T14:55:00","modified_gmt":"2022-10-05T12:55:00","slug":"lhistoire-de-la-commune","status":"publish","type":"page","link":"https:\/\/www.hautecloque.fr\/index.php\/lhistoire-de-la-commune\/","title":{"rendered":"L&rsquo;histoire de la commune"},"content":{"rendered":"<div data-colibri-id=\"438-c1\" class=\"style-315 style-local-438-c1 position-relative\">\n  <!---->\n  <div data-colibri-component=\"section\" data-colibri-id=\"438-c2\" id=\"custom\" class=\"h-section h-section-global-spacing d-flex align-items-lg-center align-items-md-center align-items-center style-317 style-local-438-c2 position-relative\">\n    <!---->\n    <!---->\n    <div class=\"h-section-grid-container h-section-boxed-container\">\n      <!---->\n      <div data-colibri-id=\"438-c5\" class=\"h-row-container gutters-row-lg-2 gutters-row-md-2 gutters-row-0 gutters-row-v-lg-2 gutters-row-v-md-2 gutters-row-v-2 style-320 style-local-438-c5 position-relative\">\n        <!---->\n        <div class=\"h-row justify-content-lg-center justify-content-md-center justify-content-center align-items-lg-stretch align-items-md-stretch align-items-stretch gutters-col-lg-2 gutters-col-md-2 gutters-col-0 gutters-col-v-lg-2 gutters-col-v-md-2 gutters-col-v-2\">\n          <!---->\n          <div class=\"h-column h-column-container d-flex h-col-lg-auto h-col-md-auto h-col-auto style-321-outer style-local-438-c6-outer\">\n            <div data-colibri-id=\"438-c6\" class=\"d-flex h-flex-basis h-column__inner h-px-lg-2 h-px-md-2 h-px-2 v-inner-lg-2 v-inner-md-2 v-inner-2 style-321 style-local-438-c6 position-relative\">\n              <!---->\n              <!---->\n              <div class=\"w-100 h-y-container h-column__content h-column__v-align flex-basis-100 align-self-lg-start align-self-md-start align-self-start\">\n                <!---->\n                <div data-colibri-id=\"438-c7\" class=\"h-global-transition-all h-heading style-322 style-local-438-c7 position-relative h-element\">\n                  <!---->\n                  <div class=\"h-heading__outer style-322 style-local-438-c7\">\n                    <!---->\n                    <!---->\n                    <h1 class=\"\"><span style=\"font-weight: 800;\">La Commune :<\/span><\/h1>\n                  <\/div>\n                <\/div>\n                <div data-colibri-id=\"438-c8\" class=\"h-text h-text-component style-323 style-local-438-c8 position-relative h-element\">\n                  <!---->\n                  <!---->\n                  <div class=\"\">\n                    <p>Au moyen-\u00e2ge, le village d\u00e9pendait pour partie du baillage d\u2019Hesdin et de la s\u00e9n\u00e9chauss\u00e9e de St Pol. En 1536, Pierre de Hautecloque vendit sa seigneurie et son domaine \u00e0 Jean Herlin. La fille de ce dernier l\u2019amena en dote lors de son\n                      mariage avec Pierre Payen, avocat g\u00e9n\u00e9ral du Conseil d\u2019Artois. En 1600, le domaine appartient \u00e0 la famille de Bertoult. Les terres d\u2019Hautecloque et d\u2019\u0153uf-en-Ternois sont \u00e9rig\u00e9es en marquisat en 1766. Durant le XIXe si\u00e8cle, Hautecloque\n                      est li\u00e9 au hameau de Sains et de Petit-Houvin. Dans ce dernier hameau, une motte castrale dat\u00e9e du XIe si\u00e8cle subsiste.<\/p>\n                    <p>Le village se compose d\u2019un centre bourg et de deux hameaux s\u00e9par\u00e9s par la route d\u00e9partementale 916.<\/p>\n                    <p>Les Hameaux se trouvent en plaine. Afin de joindre les trois entit\u00e9s, la mairie a \u00e9t\u00e9 construite le long de la route.<\/p>\n                    <p>Le bourg est plac\u00e9 sur une petite butte. Le centre du bourg s\u2019organise autour d\u2019une place \u00e0 tilleul pr\u00e9serv\u00e9e. Autour de cette place, les \u00e9l\u00e9ments constitutifs du village sont encore debout&nbsp;: le ch\u00e2teau jouxte l\u2019\u00e9glise. Les fermes\n                      et habitations anciennes s\u2019organisent le long de la route.<\/p>\n                    <p>Le territoire d\u2019Hautecloque est assez vaste&nbsp;: le village est s\u00e9par\u00e9 de ses deux Hameaux, Sains et Petit-Houvin.<\/p>\n                  <\/div>\n                <\/div>\n              <\/div>\n            <\/div>\n          <\/div>\n        <\/div>\n      <\/div>\n    <\/div>\n  <\/div>\n<\/div>","protected":false},"excerpt":{"rendered":"<p>La Commune : Au moyen-\u00e2ge, le village d\u00e9pendait pour partie du baillage d\u2019Hesdin et de la s\u00e9n\u00e9chauss\u00e9e de St Pol. En 1536, Pierre de Hautecloque vendit sa seigneurie et son domaine \u00e0 Jean Herlin. La fille de ce dernier l\u2019amena en dote lors de son mariage avec Pierre Payen, avocat g\u00e9n\u00e9ral du Conseil d\u2019Artois. En [&hellip;]<\/p>\n","protected":false},"author":1,"featured_media":0,"parent":0,"menu_order":0,"comment_status":"closed","ping_status":"closed","template":"page-templates\/full-width-page.php","meta":{"footnotes":""},"class_list":["post-438","page","type-page","status-publish","hentry"],"_links":{"self":[{"href":"https:\/\/www.hautecloque.fr\/index.php\/wp-json\/wp\/v2\/pages\/438","targetHints":{"allow":["GET"]}}],"collection":[{"href":"https:\/\/www.hautecloque.fr\/index.php\/wp-json\/wp\/v2\/pages"}],"about":[{"href":"https:\/\/www.hautecloque.fr\/index.php\/wp-json\/wp\/v2\/types\/page"}],"author":[{"embeddable":true,"href":"https:\/\/www.hautecloque.fr\/index.php\/wp-json\/wp\/v2\/users\/1"}],"replies":[{"embeddable":true,"href":"https:\/\/www.hautecloque.fr\/index.php\/wp-json\/wp\/v2\/comments?post=438"}],"version-history":[{"count":2,"href":"https:\/\/www.hautecloque.fr\/index.php\/wp-json\/wp\/v2\/pages\/438\/revisions"}],"predecessor-version":[{"id":525,"href":"https:\/\/www.hautecloque.fr\/index.php\/wp-json\/wp\/v2\/pages\/438\/revisions\/525"}],"wp:attachment":[{"href":"https:\/\/www.hautecloque.fr\/index.php\/wp-json\/wp\/v2\/media?parent=438"}],"curies":[{"name":"wp","href":"https:\/\/api.w.org\/{rel}","templated":true}]}}