{"id":653,"date":"2022-11-16T14:08:53","date_gmt":"2022-11-16T13:08:53","guid":{"rendered":"https:\/\/www.hautecloque.fr\/?page_id=653"},"modified":"2023-01-11T14:36:38","modified_gmt":"2023-01-11T13:36:38","slug":"mentions-legales","status":"publish","type":"page","link":"https:\/\/www.hautecloque.fr\/index.php\/mentions-legales\/","title":{"rendered":"Mentions L\u00e9gales"},"content":{"rendered":"<div data-colibri-id=\"653-c1\" class=\"style-410 style-local-653-c1 position-relative\">\n  <!---->\n  <div data-colibri-component=\"section\" data-colibri-id=\"653-c2\" id=\"custom\" class=\"h-section h-section-global-spacing d-flex align-items-lg-center align-items-md-center align-items-center style-411 style-local-653-c2 position-relative\">\n    <!---->\n    <!---->\n    <div class=\"h-section-grid-container h-section-boxed-container\">\n      <!---->\n      <div data-colibri-id=\"653-c3\" class=\"h-row-container gutters-row-lg-2 gutters-row-md-2 gutters-row-0 gutters-row-v-lg-2 gutters-row-v-md-2 gutters-row-v-2 style-412 style-local-653-c3 position-relative\">\n        <!---->\n        <div class=\"h-row justify-content-lg-center justify-content-md-center justify-content-center align-items-lg-stretch align-items-md-stretch align-items-stretch gutters-col-lg-2 gutters-col-md-2 gutters-col-0 gutters-col-v-lg-2 gutters-col-v-md-2 gutters-col-v-2\">\n          <!---->\n          <div class=\"h-column h-column-container d-flex h-col-lg-auto h-col-md-auto h-col-auto style-413-outer style-local-653-c4-outer\">\n            <div data-colibri-id=\"653-c4\" class=\"d-flex h-flex-basis h-column__inner h-px-lg-2 h-px-md-2 h-px-2 v-inner-lg-2 v-inner-md-2 v-inner-2 style-413 style-local-653-c4 position-relative\">\n              <!---->\n              <!---->\n              <div class=\"w-100 h-y-container h-column__content h-column__v-align flex-basis-100 align-self-lg-start align-self-md-start align-self-start\">\n                <!---->\n                <div data-colibri-id=\"653-c5\" class=\"h-global-transition-all h-heading style-414 style-local-653-c5 position-relative h-element\">\n                  <!---->\n                  <div class=\"h-heading__outer style-414 style-local-653-c5\">\n                    <!---->\n                    <!---->\n                    <h1 class=\"\"><strong style=\"color: rgb(203, 13, 13); font-weight: 800;\">&#8211; Mentions l\u00e9gales &#8211;<\/strong><\/h1>\n                  <\/div>\n                <\/div>\n                <div data-colibri-id=\"653-c6\" class=\"h-row-container gutters-row-lg-2 gutters-row-md-2 gutters-row-0 gutters-row-v-lg-2 gutters-row-v-md-2 gutters-row-v-2 style-416 style-local-653-c6 position-relative\">\n                  <!---->\n                  <div class=\"h-row justify-content-lg-center justify-content-md-center justify-content-center align-items-lg-stretch align-items-md-stretch align-items-stretch gutters-col-lg-2 gutters-col-md-2 gutters-col-0 gutters-col-v-lg-2 gutters-col-v-md-2 gutters-col-v-2\">\n                    <!---->\n                    <div class=\"h-column h-column-container d-flex h-col-lg-auto h-col-md-auto h-col-auto style-417-outer style-local-653-c7-outer\">\n                      <div data-colibri-id=\"653-c7\" class=\"d-flex h-flex-basis h-column__inner h-px-lg-2 h-px-md-2 h-px-2 v-inner-lg-2 v-inner-md-2 v-inner-2 style-417 style-local-653-c7 position-relative\">\n                        <!---->\n                        <!---->\n                        <div class=\"w-100 h-y-container h-column__content h-column__v-align flex-basis-100 align-self-lg-center align-self-md-center align-self-center\">\n                          <!---->\n                          <div data-colibri-id=\"653-c8\" class=\"h-text h-text-component style-419 style-local-653-c8 position-relative h-element\">\n                            <!---->\n                            <!---->\n                            <div class=\"\">\n                              <p><strong style=\"color: rgb(0, 0, 0); font-size: 17.92px; font-weight: 700;\">Mairie de Hautecloque<\/strong><\/p>\n                              <p>rue Mairie\n                                <br>62130 Hautecloque<\/p>\n                            <\/div>\n                          <\/div>\n                        <\/div>\n                      <\/div>\n                    <\/div>\n                    <div class=\"h-column h-column-container d-flex h-col-lg-auto h-col-md-auto h-col-auto style-418-outer style-local-653-c9-outer\">\n                      <div data-colibri-id=\"653-c9\" class=\"d-flex h-flex-basis h-column__inner h-px-lg-2 h-px-md-2 h-px-2 v-inner-lg-2 v-inner-md-2 v-inner-2 style-418 style-local-653-c9 position-relative\">\n                        <!---->\n                        <!---->\n                        <div class=\"w-100 h-y-container h-column__content h-column__v-align flex-basis-100 align-self-lg-center align-self-md-center align-self-center\">\n                          <!---->\n                          <div data-colibri-id=\"653-c10\" class=\"h-text h-text-component style-420 style-local-653-c10 position-relative h-element\">\n                            <!---->\n                            <!---->\n                            <div class=\"\">\n                              <p><strong style=\"font-weight: 700; color: rgb(0, 0, 0);\">H\u00e9bergeur :<\/strong><\/p>\n                              <p>OVH &#8211; 2 rue Kellermann, 59100 Roubaix<\/p>\n                              <p><strong style=\"font-weight: 700; color: rgb(0, 0, 0);\">Conception :<\/strong><\/p>\n                              <p>Service EPN TernoisCom &#8211;&nbsp;1 rue de Doullens, 62270 Fr\u00e9vent<\/p>\n                              <p><strong style=\"font-weight: 700; color: rgb(0, 0, 0);\">Directeur de Publication :<\/strong><\/p>\n                              <p>Marc BRIDOUX &#8211; Maire de Hautecloque<\/p>\n                            <\/div>\n                          <\/div>\n                        <\/div>\n                      <\/div>\n                    <\/div>\n                  <\/div>\n                <\/div>\n                <div data-colibri-id=\"653-c11\" class=\"h-text h-text-component style-421 style-local-653-c11 position-relative h-element\">\n                  <!---->\n                  <!---->\n                  <div class=\"\">\n                    <p><strong style=\"color: rgb(182, 29, 76); font-size: 21.28px; font-weight: 700;\">Traitement des donn\u00e9es personnelles et droit d&rsquo;acc\u00e8s, de modification et de suppression<\/strong><\/p>\n                    <p>Les donn\u00e9es personnelles recueillies sur le site&nbsp;\n                      <a href=\"https:\/\/www.hautecloque.fr\" style=\"color: rgb(0, 102, 204);\">www.hautecloque.fr<\/a>&nbsp;r\u00e9sultent de la communication volontaire du d\u00e9p\u00f4t d&rsquo;un message \u00e9lectronique. Les donn\u00e9es recueillies ne servent qu&rsquo;\u00e0 transmettre les \u00e9l\u00e9ments d&rsquo;information demand\u00e9s. les donn\u00e9es collect\u00e9es ne feront l&rsquo;objet\n                      d&rsquo;aucune cession \u00e0 des tiers ni d&rsquo;aucun traitement de la part de la Mairie de Hautecloque.<\/p>\n                    <p>Nos serveurs ne sont pas configur\u00e9s pour collecter des informations personnelles sur les visiteurs du site en dehors des donn\u00e9es techniques suivantes : provenance de connexions&nbsp;<em>(fournisseur d&rsquo;acc\u00e8s)<\/em>, adresse IP, type\n                      et version du navigateur utilis\u00e9. les donn\u00e9es de trafic ont uniquement pour finalit\u00e9 de nous permettre d&rsquo;analyser la fr\u00e9quentation de nos pages d&rsquo;information afin d&rsquo;en am\u00e9liorer le contenu.<\/p>\n                    <p>Les donn\u00e9es de trafic ont uniquement pour finalit\u00e9 de permettre d&rsquo;analyser la fr\u00e9quentation des pages d&rsquo;information afin d&rsquo;en am\u00e9liorer le contenu. Les donn\u00e9es relatives \u00e0 la navigation des visiteurs ne sont pas exploit\u00e9es nominativement.<\/p>\n                    <p>Conform\u00e9ment \u00e0 l&rsquo;article 39 et 40 de la loi 78-17 du 6 janvier 1978 relative \u00e0 l&rsquo;information, aux fichiers et aux libert\u00e9s, vous disposez d&rsquo;un droit d&rsquo;acc\u00e8s et de rectification de vos donn\u00e9es nominatives. Afin d&rsquo;exercer ce droit, vous\n                      pouvez vous adresser par courrier postal \u00e0 : Mairie de Hautecloque, rue de la Mairie, 62130 Hautecloque.<\/p>\n                    <p><strong style=\"color: rgb(182, 29, 76); font-weight: 700; font-size: 20.96px;\">Gestion des cookies<\/strong><\/p>\n                    <p>Un cookie \u00a0\u00bb\n                      <a href=\"https:\/\/www.hautecloque.fr\/index.php\/politique-de-cookies-ue\">Politique Cookies UE<\/a> \u00a0\u00bb est un petit fichier texte au format alphanum\u00e9rique d\u00e9pos\u00e9 sur le disque dur de l\u2019internaute par le serveur du site visit\u00e9 ou par un serveur tiers&nbsp;<em>(service de web analytique, etc.)<\/em>. Gr\u00e2ce\n                      aux cookies, la navigation du site de la Mairie de Hautecloque peut-\u00eatre plus simple et apporter des services compl\u00e9mentaires.<\/p>\n                    <p>Le site de la mairie de Hautecloque utilise des cookies afin de mesurer l\u2019audience&nbsp;<em>(nombre de visiteurs, analyse des pages\u2026)<\/em>&nbsp;gr\u00e2ce au service Google Analytics et garde en m\u00e9moire les erreurs de redirection et 404\n                      dans le but d\u2019am\u00e9liorer la navigation. Cet outil utilise des cookies pour collecter des informations anonymes et g\u00e9n\u00e9rer des rapports sur les statistiques d\u2019utilisation du site sans que les utilisateurs individuels soient identifi\u00e9s\n                      personnellement par Google. De ce fait, en visitant notre site, un cookie vous est attribu\u00e9 et est stock\u00e9 sur le disque dur de votre terminal. Nous vous rappelons que seul l\u2019\u00e9metteur d\u2019un cookie est susceptible de lire ou de modifier\n                      des informations qui y sont contenues.<\/p>\n                    <p>Vous pouvez autoriser ou refuser l\u2019enregistrement de cookies dans votre terminal avec les param\u00e8tres appropri\u00e9s de votre logiciel de navigation sur Internet. Chaque navigateur \u00e9tant diff\u00e9rent, vous devez v\u00e9rifier dans le menu&nbsp;\n                      <strong\n                        style=\"font-weight: 700;\"><em>\u00ab&nbsp;Aide&nbsp;\u00bb<\/em><\/strong>&nbsp;de votre navigateur comment modifier les pr\u00e9f\u00e9rences en mati\u00e8re de cookies. Si vous souhaitez en savoir plus sur ce point, nous vous invitons \u00e0 consulter les conseils d\u2019utilisation de ces\n                        param\u00e8tres, selon le navigateur utilis\u00e9, accessibles sur la page du site internet de la Commission Nationale de l\u2019Informatique et des Libert\u00e9s :&nbsp;\n                        <a href=\"https:\/\/www.cnil.fr\" target=\"_blank\" style=\"color: rgb(0, 102, 204);\" class=\"customize-unpreviewable\" rel=\"noopener\">www.cnil.f<\/a><span style=\"color: rgb(0, 102, 204);\">r<\/span>.<\/p>\n                    <p>Nous tenons \u00e9galement \u00e0 vous informer que certaines entreprises tierces sont susceptibles d\u2019\u00e9mettre des cookies \u00e0 partir de certains espaces accessibles sur notre site. L\u2019\u00e9mission et l\u2019utilisation de cookies par ces entreprises sont\n                      soumises aux politiques de ces entreprises. En particulier, nous sommes susceptibles d\u2019inclure sur notre site des applications informatiques \u00e9manant de tiers, issus de r\u00e9seaux sociaux tels que Facebook, Instagram, LinkedIn, etc.\n                      Le r\u00e9seau social est susceptible de vous identifier m\u00eame si vous ne l\u2019avez pas utilis\u00e9 lors de votre consultation sur notre site. Nous vous invitons \u00e0 consulter les politiques de protection de la vie priv\u00e9e de ces r\u00e9seaux sociaux\n                      afin de prendre connaissance des finalit\u00e9s d\u2019utilisation, notamment publicitaires, des informations de navigation. Ces politiques de protection doivent vous permettre d\u2019exercer vos choix aupr\u00e8s de ces r\u00e9seaux sociaux, notamment en\n                      param\u00e9trant vos comptes d\u2019utilisation de chacun de ces r\u00e9seaux.<\/p>\n                    <p>Le&nbsp;site de la mairie de Hautecloque n\u2019utilise en aucun cas les donn\u00e9es r\u00e9cup\u00e9r\u00e9es par les cookies pour les r\u00e9utiliser \u00e0 des fins commerciales ou de revente d\u2019informations priv\u00e9es.<\/p>\n                    <p><strong style=\"font-size: 20.96px; color: rgb(182, 29, 76); font-weight: 700;\">Information de contact<\/strong><\/p>\n                    <p>Pour toutes informations compl\u00e9mentaires, nous vous invitons \u00e0 nous faire part via\n                      <a href=\"https:\/\/www.hautecloque.fr\/index.php\/contact\">notre formulaire de contact<\/a>.<\/p>\n                  <\/div>\n                <\/div>\n              <\/div>\n            <\/div>\n          <\/div>\n        <\/div>\n      <\/div>\n    <\/div>\n  <\/div>\n<\/div>","protected":false},"excerpt":{"rendered":"<p>&#8211; Mentions l\u00e9gales &#8211; Mairie de Hautecloque rue Mairie 62130 Hautecloque H\u00e9bergeur : OVH &#8211; 2 rue Kellermann, 59100 Roubaix Conception : Service EPN TernoisCom &#8211;&nbsp;1 rue de Doullens, 62270 Fr\u00e9vent Directeur de Publication : Marc BRIDOUX &#8211; Maire de Hautecloque Traitement des donn\u00e9es personnelles et droit d&rsquo;acc\u00e8s, de modification et de suppression Les donn\u00e9es [&hellip;]<\/p>\n","protected":false},"author":1,"featured_media":0,"parent":0,"menu_order":0,"comment_status":"closed","ping_status":"closed","template":"page-templates\/full-width-page.php","meta":{"footnotes":""},"class_list":["post-653","page","type-page","status-publish","hentry"],"_links":{"self":[{"href":"https:\/\/www.hautecloque.fr\/index.php\/wp-json\/wp\/v2\/pages\/653","targetHints":{"allow":["GET"]}}],"collection":[{"href":"https:\/\/www.hautecloque.fr\/index.php\/wp-json\/wp\/v2\/pages"}],"about":[{"href":"https:\/\/www.hautecloque.fr\/index.php\/wp-json\/wp\/v2\/types\/page"}],"author":[{"embeddable":true,"href":"https:\/\/www.hautecloque.fr\/index.php\/wp-json\/wp\/v2\/users\/1"}],"replies":[{"embeddable":true,"href":"https:\/\/www.hautecloque.fr\/index.php\/wp-json\/wp\/v2\/comments?post=653"}],"version-history":[{"count":8,"href":"https:\/\/www.hautecloque.fr\/index.php\/wp-json\/wp\/v2\/pages\/653\/revisions"}],"predecessor-version":[{"id":785,"href":"https:\/\/www.hautecloque.fr\/index.php\/wp-json\/wp\/v2\/pages\/653\/revisions\/785"}],"wp:attachment":[{"href":"https:\/\/www.hautecloque.fr\/index.php\/wp-json\/wp\/v2\/media?parent=653"}],"curies":[{"name":"wp","href":"https:\/\/api.w.org\/{rel}","templated":true}]}}