{"id":80,"date":"2022-06-16T14:43:19","date_gmt":"2022-06-16T12:43:19","guid":{"rendered":"https:\/\/www.hautecloque.fr\/?page_id=80"},"modified":"2022-10-05T15:37:00","modified_gmt":"2022-10-05T13:37:00","slug":"scolaire","status":"publish","type":"page","link":"https:\/\/www.hautecloque.fr\/index.php\/scolaire\/","title":{"rendered":"Scolaire"},"content":{"rendered":"<div data-colibri-id=\"80-c1\" class=\"style-344 style-local-80-c1 position-relative\">\n  <!---->\n  <div data-colibri-component=\"section\" data-colibri-id=\"80-c2\" id=\"custom\" class=\"h-section h-section-global-spacing d-flex align-items-lg-center align-items-md-center align-items-center style-346 style-local-80-c2 position-relative\">\n    <!---->\n    <!---->\n    <div class=\"h-section-grid-container h-section-boxed-container\">\n      <!---->\n      <div data-colibri-id=\"80-c13\" class=\"h-row-container gutters-row-lg-2 gutters-row-md-2 gutters-row-0 gutters-row-v-lg-2 gutters-row-v-md-2 gutters-row-v-2 style-357 style-local-80-c13 position-relative\">\n        <!---->\n        <div class=\"h-row justify-content-lg-center justify-content-md-center justify-content-center align-items-lg-stretch align-items-md-stretch align-items-stretch gutters-col-lg-2 gutters-col-md-2 gutters-col-0 gutters-col-v-lg-2 gutters-col-v-md-2 gutters-col-v-2\">\n          <!---->\n          <div class=\"h-column h-column-container d-flex h-col-lg-auto h-col-md-auto h-col-auto style-358-outer style-local-80-c14-outer\">\n            <div data-colibri-id=\"80-c14\" class=\"d-flex h-flex-basis h-column__inner h-px-lg-2 h-px-md-2 h-px-2 v-inner-lg-2 v-inner-md-2 v-inner-2 style-358 style-local-80-c14 position-relative\">\n              <!---->\n              <!---->\n              <div class=\"w-100 h-y-container h-column__content h-column__v-align flex-basis-100 align-self-lg-start align-self-md-start align-self-start\">\n                <!---->\n                <div data-colibri-id=\"80-c15\" class=\"h-global-transition-all h-heading style-359 style-local-80-c15 position-relative h-element\">\n                  <!---->\n                  <div class=\"h-heading__outer style-359 style-local-80-c15\">\n                    <!---->\n                    <!---->\n                    <h1 class=\"\"><strong style=\"font-weight: 800; color: rgb(203, 13, 13);\">&#8211; RPI &#8211;<\/strong><\/h1>\n                  <\/div>\n                <\/div>\n              <\/div>\n            <\/div>\n          <\/div>\n        <\/div>\n      <\/div>\n      <div data-colibri-id=\"80-c5\" class=\"h-row-container gutters-row-lg-2 gutters-row-md-2 gutters-row-0 gutters-row-v-lg-2 gutters-row-v-md-2 gutters-row-v-2 style-349 style-local-80-c5 position-relative\">\n        <!---->\n        <div class=\"h-row justify-content-lg-center justify-content-md-center justify-content-center align-items-lg-stretch align-items-md-stretch align-items-stretch gutters-col-lg-2 gutters-col-md-2 gutters-col-0 gutters-col-v-lg-2 gutters-col-v-md-2 gutters-col-v-2\">\n          <!---->\n          <div class=\"h-column h-column-container d-flex h-col-lg-auto h-col-md-auto h-col-auto style-350-outer style-local-80-c6-outer\">\n            <div data-colibri-id=\"80-c6\" class=\"d-flex h-flex-basis h-column__inner h-px-lg-2 h-px-md-2 h-px-2 v-inner-lg-2 v-inner-md-2 v-inner-2 style-350 style-local-80-c6 position-relative\">\n              <!---->\n              <!---->\n              <div class=\"w-100 h-y-container h-column__content h-column__v-align flex-basis-100 align-self-lg-start align-self-md-start align-self-start\">\n                <!---->\n                <div data-colibri-id=\"80-c7\" class=\"h-text h-text-component style-351 style-local-80-c7 position-relative h-element\">\n                  <!---->\n                  <!---->\n                  <div class=\"\">\n                    <p>Hautecloque fait partie du RPI 48 <em>(Regroupement P\u00e9dagogique Intercommunal d&rsquo;Hautecloque)<\/em>. Il regroupe les communes de Nuncq-Hautec\u00f4te, Ecoivres, Hautecloque, Herlin-le-Sec, Herlincourt et Framecourt.<\/p>\n                    <p>Directrice du RPI : Madame Edith DAUCHY\n                      <br>T\u00e9l : 03.91.88.63.12\n                      <br>Mail : ce.0622999y@ac-lille.fr<\/p>\n                    <p>Ecole maternelle : Ecole de Nuncq-Hautec\u00f4te\n                      <br>GS-CP-CE1 : Ecole d&rsquo;Hautecloque\n                      <br>CE2-CM1-CM2 : Ecole de Framecourt<\/p>\n                  <\/div>\n                <\/div>\n              <\/div>\n            <\/div>\n          <\/div>\n        <\/div>\n      <\/div>\n      <div data-colibri-id=\"80-c8\" class=\"h-row-container gutters-row-lg-2 gutters-row-md-2 gutters-row-0 gutters-row-v-lg-2 gutters-row-v-md-2 gutters-row-v-2 style-352 style-local-80-c8 position-relative\">\n        <!---->\n        <div class=\"h-row justify-content-lg-center justify-content-md-center justify-content-center align-items-lg-stretch align-items-md-stretch align-items-stretch gutters-col-lg-2 gutters-col-md-2 gutters-col-0 gutters-col-v-lg-2 gutters-col-v-md-2 gutters-col-v-2\">\n          <!---->\n          <div class=\"h-column h-column-container d-flex h-col-lg-auto h-col-md-auto h-col-auto style-353-outer style-local-80-c9-outer\">\n            <div data-colibri-id=\"80-c9\" class=\"d-flex h-flex-basis h-column__inner h-px-lg-2 h-px-md-2 h-px-2 v-inner-lg-2 v-inner-md-2 v-inner-2 style-353 style-local-80-c9 position-relative\">\n              <!---->\n              <!---->\n              <div class=\"w-100 h-y-container h-column__content h-column__v-align flex-basis-100 align-self-lg-start align-self-md-start align-self-start\">\n                <!---->\n                <div data-colibri-id=\"80-c11\" class=\"h-text h-text-component style-355 style-local-80-c11 position-relative h-element\">\n                  <!---->\n                  <!---->\n                  <div class=\"\">\n                    <p><strong style=\"color: rgb(203, 13, 13); font-weight: 800;\">Lieux &amp; horaires de bus scolaire :<\/strong><\/p>\n                    <ul>\n                      <li>7h53 &#8211; Framecourt &#8211; rue de Saint-Pol &#8211; Abri<\/li>\n                      <li>7h55 &#8211; Nuncq-Hautec\u00f4te &#8211; Les Alouettes &#8211; Abri<\/li>\n                      <li>7h57 &#8211; Nuncq-Hautec\u00f4te &#8211; Salle Polyvalente &#8211; Salle<\/li>\n                      <li><strong style=\"font-weight: 700;\">8h01- Ecoivres &#8211; Mairie &#8211; Abri &#8211; Ramassage du bus<\/strong><\/li>\n                      <li>8h05 &#8211; Herlincourt &#8211; Mairie &#8211; Abri<\/li>\n                      <li>8h07 &#8211; Herlincourt &#8211; Mairie &#8211; Abri<\/li>\n                      <li>8h08 &#8211; Hautecloque &#8211; rue de Herlincourt &#8211; F Abri<\/li>\n                      <li>8h10 &#8211; Framecourt &#8211; Ecole &#8211; Rue Principale &#8211; Abri<\/li>\n                      <li>8h14 &#8211; Hautecloque &#8211; Petit Houvin &#8211; F N?369<\/li>\n                      <li>8h17 &#8211; Hautecloque &#8211; Sains &#8211; Abri<\/li>\n                      <li>8h21 &#8211; Herlin-le-Sec &#8211; Mairie &#8211; Abri<\/li>\n                      <li>8h25 &#8211; Hautecloque &#8211; Ecole &#8211; Mairie &#8211; Ecole<\/li>\n                      <li>8h27 &#8211; Framecourt &#8211; Rue de Saint-Pol &#8211; Abri<\/li>\n                      <li>8h30 &#8211; Framecourt &#8211; Ecole &#8211; rue Principale &#8211; Abri<\/li>\n                      <li>8h35 &#8211; Nuncq-Hautec\u00f4te &#8211; Les Alouettes &#8211; Abri<\/li>\n                      <li><span style=\"font-weight: 700;\">8h37 &#8211; Nuncq-Hautec\u00f4te &#8211; Mairie &#8211; Ecole &#8211; Pkg &#8211; D\u00e9p\u00f4t du bus<\/span><\/li>\n                      <li>8h40 &#8211; Nuncq-Hautec\u00f4te &#8211; Salle Polyvalente &#8211; Salle<\/li>\n                    <\/ul>\n                    <p>\n                      <br>\n                    <\/p>\n                  <\/div>\n                <\/div>\n              <\/div>\n            <\/div>\n          <\/div>\n          <div class=\"h-column h-column-container d-flex h-col-lg-auto h-col-md-auto h-col-auto style-354-outer style-local-80-c10-outer\">\n            <div data-colibri-id=\"80-c10\" class=\"d-flex h-flex-basis h-column__inner h-px-lg-2 h-px-md-2 h-px-2 v-inner-lg-2 v-inner-md-2 v-inner-2 style-354 style-local-80-c10 position-relative\">\n              <!---->\n              <!---->\n              <div class=\"w-100 h-y-container h-column__content h-column__v-align flex-basis-100 align-self-lg-start align-self-md-start align-self-start\">\n                <!---->\n                <div data-colibri-id=\"80-c12\" class=\"h-text h-text-component style-356 style-local-80-c12 position-relative h-element\">\n                  <!---->\n                  <!---->\n                  <div class=\"\">\n                    <p><strong style=\"font-weight: 800; color: rgb(203, 13, 13);\">Garderie du RPI :<\/strong><\/p>\n                    <p>La garderie fonctionne les lundis, mardis et jeudis de <span style=\"font-weight: 600;\">17h \u00e0 18h30<\/span> et les vendredis de 16h \u00e0 18h. Le tarif est de <strong style=\"font-weight: 700; color: rgb(203, 13, 13);\">2\u20ac de l&rsquo;heure<\/strong>,\n                      tout heure entam\u00e9e est \u00e0 payer.<\/p>\n                    <p><strong style=\"color: rgb(203, 13, 13); font-weight: 800;\">Cantine du RPI :<\/strong><\/p>\n                    <p>Le prix d&rsquo;un ticket de cantine est de <strong style=\"color: rgb(203, 13, 13); font-weight: 700;\">3.25\u20ac<\/strong>.\n                      <br>Les repas sont \u00e0 r\u00e9server \u00e0 l&rsquo;\u00e9cole maternelle aupr\u00e8s de <span style=\"font-weight: 600;\">Mme TRUFFIER<\/span>, la veille <span style=\"font-weight: 600;\">avant 10h<\/span>.\n                      <br>Pour le jeudi, il faut r\u00e9server le mardi, il n&rsquo;y a pas de commande le mercredi.\n                      <br>Les tickets de cantine et de garderie sont disponibles \u00e0 la mairie de Nuncq-Hautec\u00f4te aux heures des permanences, soit le mardi de <span style=\"font-weight: 600;\">14h \u00e0 16h<\/span>, le jeudi de <span style=\"font-weight: 600;\">17h \u00e0 19h<\/span>                      et le samedi de <span style=\"font-weight: 600;\">9h30 \u00e0 11h30<\/span>.<\/p>\n                  <\/div>\n                <\/div>\n              <\/div>\n            <\/div>\n          <\/div>\n        <\/div>\n      <\/div>\n    <\/div>\n  <\/div>\n<\/div>","protected":false},"excerpt":{"rendered":"<p>&#8211; RPI &#8211; Hautecloque fait partie du RPI 48 (Regroupement P\u00e9dagogique Intercommunal d&rsquo;Hautecloque). Il regroupe les communes de Nuncq-Hautec\u00f4te, Ecoivres, Hautecloque, Herlin-le-Sec, Herlincourt et Framecourt. Directrice du RPI : Madame Edith DAUCHY T\u00e9l : 03.91.88.63.12 Mail : ce.0622999y@ac-lille.fr Ecole maternelle : Ecole de Nuncq-Hautec\u00f4te GS-CP-CE1 : Ecole d&rsquo;Hautecloque CE2-CM1-CM2 : Ecole de Framecourt Lieux &amp; [&hellip;]<\/p>\n","protected":false},"author":1,"featured_media":0,"parent":0,"menu_order":0,"comment_status":"closed","ping_status":"closed","template":"page-templates\/full-width-page.php","meta":{"footnotes":""},"class_list":["post-80","page","type-page","status-publish","hentry"],"_links":{"self":[{"href":"https:\/\/www.hautecloque.fr\/index.php\/wp-json\/wp\/v2\/pages\/80","targetHints":{"allow":["GET"]}}],"collection":[{"href":"https:\/\/www.hautecloque.fr\/index.php\/wp-json\/wp\/v2\/pages"}],"about":[{"href":"https:\/\/www.hautecloque.fr\/index.php\/wp-json\/wp\/v2\/types\/page"}],"author":[{"embeddable":true,"href":"https:\/\/www.hautecloque.fr\/index.php\/wp-json\/wp\/v2\/users\/1"}],"replies":[{"embeddable":true,"href":"https:\/\/www.hautecloque.fr\/index.php\/wp-json\/wp\/v2\/comments?post=80"}],"version-history":[{"count":6,"href":"https:\/\/www.hautecloque.fr\/index.php\/wp-json\/wp\/v2\/pages\/80\/revisions"}],"predecessor-version":[{"id":562,"href":"https:\/\/www.hautecloque.fr\/index.php\/wp-json\/wp\/v2\/pages\/80\/revisions\/562"}],"wp:attachment":[{"href":"https:\/\/www.hautecloque.fr\/index.php\/wp-json\/wp\/v2\/media?parent=80"}],"curies":[{"name":"wp","href":"https:\/\/api.w.org\/{rel}","templated":true}]}}