{"id":81,"date":"2022-06-16T14:43:19","date_gmt":"2022-06-16T12:43:19","guid":{"rendered":"https:\/\/www.hautecloque.fr\/?page_id=81"},"modified":"2022-10-07T16:50:06","modified_gmt":"2022-10-07T14:50:06","slug":"vie-communale","status":"publish","type":"page","link":"https:\/\/www.hautecloque.fr\/index.php\/vie-communale\/","title":{"rendered":"Vie Communale"},"content":{"rendered":"<div data-colibri-id=\"81-c1\" class=\"style-324 style-local-81-c1 position-relative\">\n  <!---->\n  <div data-colibri-component=\"section\" data-colibri-id=\"81-c2\" id=\"custom\" class=\"h-section h-section-global-spacing d-flex align-items-lg-center align-items-md-center align-items-center style-326 style-local-81-c2 position-relative\">\n    <!---->\n    <!---->\n    <div class=\"h-section-grid-container h-section-boxed-container\">\n      <!---->\n      <div data-colibri-id=\"81-c3\" class=\"h-row-container gutters-row-lg-2 gutters-row-md-2 gutters-row-0 gutters-row-v-lg-2 gutters-row-v-md-2 gutters-row-v-2 style-336 style-local-81-c3 position-relative\">\n        <!---->\n        <div class=\"h-row justify-content-lg-center justify-content-md-center justify-content-center align-items-lg-stretch align-items-md-stretch align-items-stretch gutters-col-lg-2 gutters-col-md-2 gutters-col-0 gutters-col-v-lg-2 gutters-col-v-md-2 gutters-col-v-2\">\n          <!---->\n          <div class=\"h-column h-column-container d-flex h-col-lg-auto h-col-md-auto h-col-auto style-337-outer style-local-81-c4-outer\">\n            <div data-colibri-id=\"81-c4\" class=\"d-flex h-flex-basis h-column__inner h-px-lg-2 h-px-md-2 h-px-2 v-inner-lg-2 v-inner-md-2 v-inner-2 style-337 style-local-81-c4 position-relative\">\n              <!---->\n              <!---->\n              <div class=\"w-100 h-y-container h-column__content h-column__v-align flex-basis-100 align-self-lg-start align-self-md-start align-self-start\">\n                <!---->\n                <div data-colibri-component=\"tabs\" data-colibri-id=\"81-c5\" class=\"h-tabs h-tabs-horizontal h-tabs--horizontal--auto-lg h-tabs--horizontal--auto-md h-tabs--horizontal--full h-tabs h-tabs-horizontal h-tabs--horizontal--auto-lg h-tabs--horizontal--auto-md h-tabs--horizontal--full style-329 style-local-81-c5 position-relative h-element\">\n                  <!---->\n                  <div class=\"h-tabs-navigation d-flex h-tabs-navigation-horizontal\">\n                    <a href=\"#les-promenades\" class=\"h-tabs-navigation-item d-flex align-items-center h-global-transition h-tabs-navigation-active-item h-custom-active-state\" rel=\"#les-promenades\">\n                      <!----><span class=\"h-tabs-navigation-item__text\">Les promenades<\/span><\/a>\n                    <a href=\"#ramassage-des-poubelles\" class=\"h-tabs-navigation-item d-flex align-items-center h-global-transition\" rel=\"#ramassage-des-poubelles\">\n                      <!----><span class=\"h-tabs-navigation-item__text\">Ramassage des poubelles<\/span><\/a>\n                    <a href=\"#syndicat-des-eaux\" class=\"h-tabs-navigation-item d-flex align-items-center h-global-transition\" rel=\"#syndicat-des-eaux\">\n                      <!----><span class=\"h-tabs-navigation-item__text\">Syndicat des eaux<\/span><\/a>\n                  <\/div>\n                  <div id=\"les-promenades\" skip-smooth-scroll=\"true\" skip-scroll-spy=\"true\" data-colibri-id=\"81-c6\" class=\"h-tabs-item-content h-tabs-item h-tabs-content-horizontal h-tabs-content-81-c6 style-330 style-local-81-c6 position-relative h-element h-tabs-content-active\">\n                    <!---->\n                    <div class=\"w-100 h-y-container\">\n                      <!---->\n                      <div data-colibri-id=\"81-c7\" class=\"h-text h-text-component style-331 style-local-81-c7 position-relative h-element\">\n                        <!---->\n                        <!---->\n                        <div class=\"\">\n                          <p>La commune d&rsquo;Hautecloque est travers\u00e9e par une ancienne voie ferr\u00e9e qui est devenue un sentier p\u00e9destre. Elle rejoint au nord la commune de Ramecourt et au sud la ville de Fr\u00e9vent.<\/p>\n                        <\/div>\n                      <\/div>\n                      <div data-colibri-id=\"81-c18\" class=\"h-row-container gutters-row-lg-2 gutters-row-md-2 gutters-row-0 gutters-row-v-lg-2 gutters-row-v-md-2 gutters-row-v-2 style-384 style-local-81-c18 position-relative\">\n                        <!---->\n                        <div class=\"h-row justify-content-lg-center justify-content-md-center justify-content-center align-items-lg-stretch align-items-md-stretch align-items-stretch gutters-col-lg-2 gutters-col-md-2 gutters-col-0 gutters-col-v-lg-2 gutters-col-v-md-2 gutters-col-v-2\">\n                          <!---->\n                          <div class=\"h-column h-column-container d-flex h-col-lg-auto h-col-md-auto h-col-auto style-385-outer style-local-81-c19-outer\">\n                            <div data-colibri-id=\"81-c19\" class=\"d-flex h-flex-basis h-column__inner h-px-lg-2 h-px-md-2 h-px-2 v-inner-lg-2 v-inner-md-2 v-inner-2 style-385 style-local-81-c19 position-relative\">\n                              <!---->\n                              <!---->\n                              <div class=\"w-100 h-y-container h-column__content h-column__v-align flex-basis-100 align-self-lg-start align-self-md-start align-self-start\">\n                                <!---->\n                                <div data-colibri-id=\"81-c21\" class=\"d-block style-387 style-local-81-c21 position-relative h-element\">\n                                  <!---->\n                                  <div class=\"h-image__frame-container-outer\">\n                                    <div class=\"h-image__frame-container\">\n                                      <!---->\n                                      <!---->\n                                      <img loading=\"lazy\" decoding=\"async\" width=\"1920\" height=\"2560\" src=\"https:\/\/www.hautecloque.fr\/wp-content\/uploads\/2022\/10\/20220930_135018-scaled.jpg\" class=\"wp-image-622 style-387-image style-local-81-c21-image\" alt=\"\" srcset=\"https:\/\/www.hautecloque.fr\/wp-content\/uploads\/2022\/10\/20220930_135018-scaled.jpg 1920w, https:\/\/www.hautecloque.fr\/wp-content\/uploads\/2022\/10\/20220930_135018-225x300.jpg 225w, https:\/\/www.hautecloque.fr\/wp-content\/uploads\/2022\/10\/20220930_135018-768x1024.jpg 768w, https:\/\/www.hautecloque.fr\/wp-content\/uploads\/2022\/10\/20220930_135018-1152x1536.jpg 1152w, https:\/\/www.hautecloque.fr\/wp-content\/uploads\/2022\/10\/20220930_135018-1536x2048.jpg 1536w\" sizes=\"auto, (max-width: 1920px) 100vw, 1920px\" \/>\n                                      <div class=\"h-image__frame h-hide-lg h-hide-md h-hide-sm style-387-frameImage style-local-81-c21-frameImage\"><\/div>\n                                    <\/div>\n                                  <\/div>\n                                <\/div>\n                              <\/div>\n                            <\/div>\n                          <\/div>\n                          <div class=\"h-column h-column-container d-flex h-col-lg-auto h-col-md-auto h-col-auto style-386-outer style-local-81-c20-outer\">\n                            <div data-colibri-id=\"81-c20\" class=\"d-flex h-flex-basis h-column__inner h-px-lg-2 h-px-md-2 h-px-2 v-inner-lg-2 v-inner-md-2 v-inner-2 style-386 style-local-81-c20 position-relative\">\n                              <!---->\n                              <!---->\n                              <div class=\"w-100 h-y-container h-column__content h-column__v-align flex-basis-100 align-self-lg-center align-self-md-center align-self-center\">\n                                <!---->\n                                <div data-colibri-id=\"81-c22\" class=\"d-block style-388 style-local-81-c22 position-relative h-element\">\n                                  <!---->\n                                  <div class=\"h-image__frame-container-outer\">\n                                    <div class=\"h-image__frame-container\">\n                                      <!---->\n                                      <!---->\n                                      <img loading=\"lazy\" decoding=\"async\" width=\"2560\" height=\"1920\" src=\"https:\/\/www.hautecloque.fr\/wp-content\/uploads\/2022\/10\/20220930_134955-scaled.jpg\" class=\"wp-image-621 style-388-image style-local-81-c22-image\" alt=\"\" srcset=\"https:\/\/www.hautecloque.fr\/wp-content\/uploads\/2022\/10\/20220930_134955-scaled.jpg 2560w, https:\/\/www.hautecloque.fr\/wp-content\/uploads\/2022\/10\/20220930_134955-300x225.jpg 300w, https:\/\/www.hautecloque.fr\/wp-content\/uploads\/2022\/10\/20220930_134955-1024x768.jpg 1024w, https:\/\/www.hautecloque.fr\/wp-content\/uploads\/2022\/10\/20220930_134955-768x576.jpg 768w, https:\/\/www.hautecloque.fr\/wp-content\/uploads\/2022\/10\/20220930_134955-1536x1152.jpg 1536w, https:\/\/www.hautecloque.fr\/wp-content\/uploads\/2022\/10\/20220930_134955-2048x1536.jpg 2048w\" sizes=\"auto, (max-width: 2560px) 100vw, 2560px\" \/>\n                                      <div class=\"h-image__frame h-hide-lg h-hide-md h-hide-sm style-388-frameImage style-local-81-c22-frameImage\"><\/div>\n                                    <\/div>\n                                  <\/div>\n                                <\/div>\n                              <\/div>\n                            <\/div>\n                          <\/div>\n                        <\/div>\n                      <\/div>\n                    <\/div>\n                  <\/div>\n                  <div id=\"ramassage-des-poubelles\" skip-smooth-scroll=\"true\" skip-scroll-spy=\"true\" data-colibri-id=\"81-c8\" class=\"h-tabs-item-content h-tabs-item h-tabs-content-horizontal h-tabs-content-81-c8 style-332 style-local-81-c8 position-relative h-element hide\">\n                    <!---->\n                    <div class=\"w-100 h-y-container\">\n                      <!---->\n                      <div data-colibri-id=\"81-c9\" class=\"h-row-container gutters-row-lg-2 gutters-row-md-2 gutters-row-0 gutters-row-v-lg-2 gutters-row-v-md-2 gutters-row-v-2 style-338 style-local-81-c9 position-relative\">\n                        <!---->\n                        <div class=\"h-row justify-content-lg-center justify-content-md-center justify-content-center align-items-lg-stretch align-items-md-stretch align-items-stretch gutters-col-lg-2 gutters-col-md-2 gutters-col-0 gutters-col-v-lg-2 gutters-col-v-md-2 gutters-col-v-2\">\n                          <!---->\n                          <div class=\"h-column h-column-container d-flex h-col-lg-auto h-col-md-auto h-col-auto style-339-outer style-local-81-c10-outer\">\n                            <div data-colibri-id=\"81-c10\" class=\"d-flex h-flex-basis h-column__inner h-px-lg-2 h-px-md-2 h-px-2 v-inner-lg-2 v-inner-md-2 v-inner-2 style-339 style-local-81-c10 position-relative\">\n                              <!---->\n                              <!---->\n                              <div class=\"w-100 h-y-container h-column__content h-column__v-align flex-basis-100 align-self-lg-start align-self-md-start align-self-start\">\n                                <!---->\n                                <div data-colibri-id=\"81-c11\" class=\"h-text h-text-component style-341 style-local-81-c11 position-relative h-element\">\n                                  <!---->\n                                  <!---->\n                                  <div class=\"\">\n                                    <p><span style=\"font-weight: 700;\">Bacs Jaunes :<\/span><\/p>\n                                    <p>Elles sont ramass\u00e9es en double tourn\u00e9e de 5h \u00e0 12h, soit de 13h \u00e0 20h le jeudi des semaines paires.<\/p>\n                                    <p>Veillez donc \u00e0 sortir vos bacs la veille de la collecte et ne les rentrer qu&rsquo;apr\u00e8s 20h, le jour de la collecte.<\/p>\n                                  <\/div>\n                                <\/div>\n                              <\/div>\n                            <\/div>\n                          <\/div>\n                          <div class=\"h-column h-column-container d-flex h-col-lg-auto h-col-md-auto h-col-auto style-340-outer style-local-81-c12-outer\">\n                            <div data-colibri-id=\"81-c12\" class=\"d-flex h-flex-basis h-column__inner h-px-lg-2 h-px-md-2 h-px-2 v-inner-lg-2 v-inner-md-2 v-inner-2 style-340 style-local-81-c12 position-relative\">\n                              <!---->\n                              <!---->\n                              <div class=\"w-100 h-y-container h-column__content h-column__v-align flex-basis-100 align-self-lg-start align-self-md-start align-self-start\">\n                                <!---->\n                                <div data-colibri-id=\"81-c13\" class=\"h-text h-text-component style-342 style-local-81-c13 position-relative h-element\">\n                                  <!---->\n                                  <!---->\n                                  <div class=\"\">\n                                    <p><span style=\"font-weight: 700;\">Ordures m\u00e9nag\u00e8res :<\/span><\/p>\n                                    <p>Elles sont ramass\u00e9es chaque mardi des semaines paires.<\/p>\n                                    <p>Veillez \u00e0 les sortir la veille de la collecte.<\/p>\n                                  <\/div>\n                                <\/div>\n                              <\/div>\n                            <\/div>\n                          <\/div>\n                        <\/div>\n                      <\/div>\n                      <div data-colibri-id=\"81-c14\" class=\"h-text h-text-component style-343 style-local-81-c14 position-relative h-element\">\n                        <!---->\n                        <!---->\n                        <div class=\"\">\n                          <p>Pour plus d&rsquo;informations suivez\n                            <a href=\"https:\/\/www.ternoiscom.fr\/index.php\/collecte\" target=\"_blank\" rel=\"noopener\">ce lien<\/a>.<\/p>\n                        <\/div>\n                      <\/div>\n                    <\/div>\n                  <\/div>\n                  <div id=\"syndicat-des-eaux\" skip-smooth-scroll=\"true\" skip-scroll-spy=\"true\" data-colibri-id=\"81-c15\" class=\"h-tabs-item-content h-tabs-item h-tabs-content-horizontal h-tabs-content-81-c15 style-334 style-local-81-c15 position-relative h-element hide\">\n                    <!---->\n                    <div class=\"w-100 h-y-container\">\n                      <!---->\n                      <div data-colibri-id=\"81-c16\" class=\"h-text h-text-component style-335 style-local-81-c16 position-relative h-element\">\n                        <!---->\n                        <!---->\n                        <div class=\"\">\n                          <p><span style=\"font-weight: 700;\">Si\u00e8ge :<\/span> 49 rue de la Mairie, 62130 Framecourt\n                            <br><span style=\"font-weight: 700;\">T\u00e9l\u00e9phone : <\/span>03.21.03.43.49\n                            <br><span style=\"font-weight: 700;\">Pr\u00e9sident :<\/span> Monsieur Claude DEVAUX<\/p>\n                        <\/div>\n                      <\/div>\n                    <\/div>\n                  <\/div>\n                <\/div>\n              <\/div>\n            <\/div>\n          <\/div>\n        <\/div>\n      <\/div>\n    <\/div>\n  <\/div>\n<\/div>","protected":false},"excerpt":{"rendered":"<p>Les promenades Ramassage des poubelles Syndicat des eaux La commune d&rsquo;Hautecloque est travers\u00e9e par une ancienne voie ferr\u00e9e qui est devenue un sentier p\u00e9destre. Elle rejoint au nord la commune de Ramecourt et au sud la ville de Fr\u00e9vent. Bacs Jaunes : Elles sont ramass\u00e9es en double tourn\u00e9e de 5h \u00e0 12h, soit de 13h [&hellip;]<\/p>\n","protected":false},"author":1,"featured_media":0,"parent":0,"menu_order":0,"comment_status":"closed","ping_status":"closed","template":"page-templates\/full-width-page.php","meta":{"footnotes":""},"class_list":["post-81","page","type-page","status-publish","hentry"],"_links":{"self":[{"href":"https:\/\/www.hautecloque.fr\/index.php\/wp-json\/wp\/v2\/pages\/81","targetHints":{"allow":["GET"]}}],"collection":[{"href":"https:\/\/www.hautecloque.fr\/index.php\/wp-json\/wp\/v2\/pages"}],"about":[{"href":"https:\/\/www.hautecloque.fr\/index.php\/wp-json\/wp\/v2\/types\/page"}],"author":[{"embeddable":true,"href":"https:\/\/www.hautecloque.fr\/index.php\/wp-json\/wp\/v2\/users\/1"}],"replies":[{"embeddable":true,"href":"https:\/\/www.hautecloque.fr\/index.php\/wp-json\/wp\/v2\/comments?post=81"}],"version-history":[{"count":4,"href":"https:\/\/www.hautecloque.fr\/index.php\/wp-json\/wp\/v2\/pages\/81\/revisions"}],"predecessor-version":[{"id":624,"href":"https:\/\/www.hautecloque.fr\/index.php\/wp-json\/wp\/v2\/pages\/81\/revisions\/624"}],"wp:attachment":[{"href":"https:\/\/www.hautecloque.fr\/index.php\/wp-json\/wp\/v2\/media?parent=81"}],"curies":[{"name":"wp","href":"https:\/\/api.w.org\/{rel}","templated":true}]}}